{"id":305,"date":"2021-03-21T20:53:41","date_gmt":"2021-03-21T20:53:41","guid":{"rendered":"https:\/\/induserv.hu\/indall\/?page_id=305"},"modified":"2021-09-07T11:16:31","modified_gmt":"2021-09-07T11:16:31","slug":"berbeadas","status":"publish","type":"page","link":"https:\/\/induserv.hu\/en\/berbeadas\/","title":{"rendered":"Rental"},"content":{"rendered":"<p>[et_pb_section fb_built=&#8221;1&#8243; admin_label=&#8221;Hero&#8221; _builder_version=&#8221;3.22&#8243; use_background_color_gradient=&#8221;on&#8221; background_color_gradient_start=&#8221;rgba(40,40,40,0.79)&#8221; background_color_gradient_end=&#8221;rgba(40,40,40,0.86)&#8221; background_color_gradient_type=&#8221;radial&#8221; background_color_gradient_direction_radial=&#8221;top left&#8221; background_color_gradient_overlays_image=&#8221;on&#8221; background_image=&#8221;https:\/\/induserv.hu\/indall\/wp-content\/uploads\/2021\/03\/construction-13.jpg&#8221; custom_margin=&#8221;||||false&#8221; custom_padding=&#8221;10vw||10vw||true|false&#8221; global_colors_info=&#8221;{}&#8221;][et_pb_row column_structure=&#8221;2_3,1_3&#8243; _builder_version=&#8221;3.25&#8243; global_colors_info=&#8221;{}&#8221;][et_pb_column type=&#8221;2_3&#8243; _builder_version=&#8221;3.25&#8243; custom_padding=&#8221;|||&#8221; global_colors_info=&#8221;{}&#8221; custom_padding__hover=&#8221;|||&#8221;][et_pb_text _builder_version=&#8221;3.27.4&#8243; text_font=&#8221;||||||||&#8221; header_font=&#8221;Rubik|700|||||||&#8221; header_font_size=&#8221;64px&#8221; header_line_height=&#8221;1.1em&#8221; background_layout=&#8221;dark&#8221; max_width=&#8221;800px&#8221; custom_margin=&#8221;||0px|&#8221; custom_padding=&#8221;|||16px&#8221; text_font_size_tablet=&#8221;14px&#8221; text_font_size_last_edited=&#8221;off|desktop&#8221; header_font_size_tablet=&#8221;44px&#8221; header_font_size_phone=&#8221;32px&#8221; header_font_size_last_edited=&#8221;on|phone&#8221; border_color_all=&#8221;#ffb400&#8243; border_width_left=&#8221;10px&#8221; global_colors_info=&#8221;{}&#8221;]<\/p>\n<h1>B\u00e9rbead\u00e1s<\/h1>\n<p>[\/et_pb_text][et_pb_text _builder_version=&#8221;4.9.2&#8243; text_font=&#8221;||||||||&#8221; text_font_size=&#8221;22px&#8221; text_line_height=&#8221;1.6em&#8221; header_font=&#8221;||||||||&#8221; background_layout=&#8221;dark&#8221; max_width=&#8221;800px&#8221; custom_margin=&#8221;|||&#8221; custom_padding=&#8221;20px||20px||true&#8221; text_font_size_tablet=&#8221;18px&#8221; text_font_size_phone=&#8221;&#8221; text_font_size_last_edited=&#8221;on|phone&#8221; global_colors_info=&#8221;{}&#8221;]<\/p>\n<p>C\u00e9g\u00fcnkt\u0151l kedvez\u0151 felt\u00e9telekkel b\u00e9rlehet \u00e1llv\u00e1nyzatot kivitelez\u00e9s n\u00e9lk\u00fcl is.<\/p>\n<p>[\/et_pb_text][\/et_pb_column][et_pb_column type=&#8221;1_3&#8243; _builder_version=&#8221;3.25&#8243; custom_padding=&#8221;|||&#8221; global_colors_info=&#8221;{}&#8221; custom_padding__hover=&#8221;|||&#8221;][\/et_pb_column][\/et_pb_row][\/et_pb_section][et_pb_section fb_built=&#8221;1&#8243; admin_label=&#8221;About&#8221; _builder_version=&#8221;3.22&#8243; global_colors_info=&#8221;{}&#8221;][et_pb_row column_structure=&#8221;1_2,1_2&#8243; _builder_version=&#8221;3.25&#8243; global_colors_info=&#8221;{}&#8221;][et_pb_column type=&#8221;1_2&#8243; _builder_version=&#8221;3.25&#8243; custom_padding=&#8221;|||&#8221; global_colors_info=&#8221;{}&#8221; custom_padding__hover=&#8221;|||&#8221;][et_pb_text _builder_version=&#8221;4.9.2&#8243; text_font=&#8221;||||||||&#8221; text_font_size=&#8221;15px&#8221; text_line_height=&#8221;1.8em&#8221; custom_padding=&#8221;|||&#8221; custom_padding_tablet=&#8221;|40px||40px||true&#8221; custom_padding_last_edited=&#8221;off|desktop&#8221; global_colors_info=&#8221;{}&#8221;]<\/p>\n<p>Amennyiben nincs sz\u00fcks\u00e9ge arra, hogy az \u00e1llv\u00e1nyzatot mi sz\u00e1ll\u00edtsuk ki \u00e9s \u00e9p\u00edts\u00fck meg, akkor term\u00e9szetesen lehet\u0151s\u00e9ge van arra, hogy azt ezen szolg\u00e1ltat\u00e1sokt\u00f3l mentesen b\u00e9relje ki t\u0151l\u00fcnk.<\/p>\n<p>[\/et_pb_text][\/et_pb_column][et_pb_column type=&#8221;1_2&#8243; _builder_version=&#8221;3.25&#8243; custom_padding=&#8221;|||&#8221; global_colors_info=&#8221;{}&#8221; custom_padding__hover=&#8221;|||&#8221;][et_pb_text _builder_version=&#8221;4.9.2&#8243; text_font=&#8221;||||||||&#8221; text_font_size=&#8221;15px&#8221; text_line_height=&#8221;1.8em&#8221; custom_padding=&#8221;||0px|||&#8221; custom_padding_tablet=&#8221;|40px||40px||true&#8221; custom_padding_last_edited=&#8221;off|desktop&#8221; locked=&#8221;off&#8221; global_colors_info=&#8221;{}&#8221;]<\/p>\n<p>Az \u00e1llv\u00e1nyzat b\u00e9rl\u00e9s\u00e9vel kisebb csal\u00e1di h\u00e1zak \u00e1llv\u00e1nyoz\u00e1sa is gazdas\u00e1gosan megoldhat\u00f3, amennyiben a B\u00e9rl\u0151 az \u00e1llv\u00e1nyzat \u00e9p\u00edt\u00e9s\u00e9t \u00f6n\u00e1ll\u00f3an meg tudja oldani.<\/p>\n<p>[\/et_pb_text][\/et_pb_column][\/et_pb_row][\/et_pb_section][et_pb_section fb_built=&#8221;1&#8243; admin_label=&#8221;FAQ&#8221; _builder_version=&#8221;3.22&#8243; background_color=&#8221;#f7f7f7&#8243; global_colors_info=&#8221;{}&#8221;][et_pb_row column_structure=&#8221;1_3,2_3&#8243; _builder_version=&#8221;3.25&#8243; global_colors_info=&#8221;{}&#8221;][et_pb_column type=&#8221;1_3&#8243; _builder_version=&#8221;3.25&#8243; custom_padding=&#8221;|||&#8221; global_colors_info=&#8221;{}&#8221; custom_padding__hover=&#8221;|||&#8221;][et_pb_text _builder_version=&#8221;4.9.2&#8243; text_font=&#8221;||||||||&#8221; header_font=&#8221;||||||||&#8221; header_2_font=&#8221;Rubik|700|||||||&#8221; header_2_font_size=&#8221;42px&#8221; header_2_line_height=&#8221;1.2em&#8221; custom_margin=&#8221;|||&#8221; custom_padding=&#8221;|||&#8221; header_2_font_size_tablet=&#8221;&#8221; header_2_font_size_phone=&#8221;36px&#8221; header_2_font_size_last_edited=&#8221;on|phone&#8221; locked=&#8221;off&#8221; global_colors_info=&#8221;{}&#8221;]<\/p>\n<h2>B\u00e9rl\u00e9si kisokos<\/h2>\n<p>[\/et_pb_text][et_pb_divider color=&#8221;#ffb400&#8243; divider_position=&#8221;center&#8221; divider_weight=&#8221;5px&#8221; _builder_version=&#8221;3.9&#8243; max_width=&#8221;50px&#8221; locked=&#8221;off&#8221; global_colors_info=&#8221;{}&#8221;][\/et_pb_divider][et_pb_text _builder_version=&#8221;4.9.2&#8243; text_font=&#8221;||||||||&#8221; text_font_size=&#8221;15px&#8221; text_line_height=&#8221;1.8em&#8221; locked=&#8221;off&#8221; global_colors_info=&#8221;{}&#8221;]<\/p>\n<p><span>Az \u00e1llv\u00e1ny b\u00e9rl\u00e9s\u00e9vel kapcsolatos k\u00e9rd\u00e9seire itt tal\u00e1lhat v\u00e1laszt.<\/span><\/p>\n<p>[\/et_pb_text][\/et_pb_column][et_pb_column type=&#8221;2_3&#8243; _builder_version=&#8221;3.25&#8243; custom_padding=&#8221;|||&#8221; global_colors_info=&#8221;{}&#8221; custom_padding__hover=&#8221;|||&#8221;][et_pb_accordion closed_toggle_text_color=&#8221;#2a2a2a&#8221; closed_toggle_background_color=&#8221;#ffffff&#8221; icon_color=&#8221;#ffb400&#8243; _builder_version=&#8221;4.9.2&#8243; toggle_font=&#8221;Rubik|700|||||||&#8221; toggle_font_size=&#8221;18px&#8221; toggle_line_height=&#8221;1.4em&#8221; body_font=&#8221;||||||||&#8221; body_font_size=&#8221;15px&#8221; body_line_height=&#8221;1.8em&#8221; custom_margin=&#8221;|||&#8221; custom_padding=&#8221;|||&#8221; border_width_all=&#8221;0px&#8221; global_colors_info=&#8221;{}&#8221;][et_pb_accordion_item title=&#8221;Milyen \u00e1llv\u00e1nyzatot b\u00e9relhet t\u0151l\u00fcnk?&#8221; open=&#8221;on&#8221; _builder_version=&#8221;4.9.2&#8243; custom_margin=&#8221;1px||1px||true&#8221; global_colors_info=&#8221;{}&#8221;]<\/p>\n<p>H\u00fcnnebeck Bosta \u00e9s Layher Blitz \u00e1llv\u00e1nyzatokat adunk b\u00e9rbe. Mindk\u00e9t rendszer a legmodernebb, legbiztons\u00e1gosabb \u00e9s a legk\u00f6nnyebben \u00e9p\u00edthet\u0151 rendszerek k\u00f6z\u00e9 tartozik. B\u00e9rl\u00e9si \u00e1raj\u00e1nlatok \u00f6sszevet\u00e9sekor \u00e9rdemes ut\u00e1nan\u00e9zni, hogy a b\u00e9rbead\u00f3 milyen rendszert k\u00edn\u00e1l. A sz\u00e9les \u00e9s neh\u00e9z elemeket tartalmaz\u00f3 \u00e1llv\u00e1nyzatok sz\u00e1ll\u00edt\u00e1sa \u00e9s \u00e9p\u00edt\u00e9se jelent\u0151s t\u00f6bblet r\u00e1ford\u00edt\u00e1st ig\u00e9nyel.<\/p>\n<p>[\/et_pb_accordion_item][et_pb_accordion_item title=&#8221;Milyen felt\u00e9telekkel b\u00e9relhet t\u0151l\u00fcnk?&#8221; _builder_version=&#8221;4.9.2&#8243; custom_margin=&#8221;1px||1px||true&#8221; global_colors_info=&#8221;{}&#8221; open=&#8221;off&#8221;]<\/p>\n<p>Mag\u00e1nszem\u00e9ly eset\u00e9n irod\u00e1nkban a szem\u00e9lyazonoss\u00e1g\u00e1t szem\u00e9lyi igazolv\u00e1nnyal igazolva \u00edrhatja al\u00e1 a b\u00e9rleti szerz\u0151d\u00e9st. C\u00e9gek eset\u00e9n lehet\u0151s\u00e9g van email \u00fatj\u00e1n szerz\u0151dni. A b\u00e9rl\u00e9shez sz\u00fcks\u00e9g van b\u00e9rleti kauci\u00f3 el\u0151zetes megfizet\u00e9s\u00e9re, ami \u00e1ltal\u00e1ban 2000 Ft\/m2 (kiv\u00e9ve komplexebb, t\u00f6bb kieg\u00e9sz\u00edt\u0151t tartalmaz\u00f3 \u00f6ssze\u00e1ll\u00edt\u00e1sokat). A b\u00e9rleti kauci\u00f3val az \u00e1llv\u00e1nyzat visszasz\u00e1ll\u00edt\u00e1sakor sz\u00e1molunk el.<\/p>\n<p>[\/et_pb_accordion_item][et_pb_accordion_item title=&#8221;Mikor \u00e9rdemes b\u00e9relni?&#8221; _builder_version=&#8221;4.9.2&#8243; custom_margin=&#8221;1px||1px||true&#8221; global_colors_info=&#8221;{}&#8221; open=&#8221;off&#8221;]<\/p>\n<p>Els\u0151sorban kisebb csal\u00e1di h\u00e1zak homlokzati munk\u00e1ihoz c\u00e9lszer\u0171 \u00e1llv\u00e1nyt b\u00e9relni. Amennyiben a helysz\u00ednen dolgoz\u00f3 szakkivitelez\u0151k, pl. k\u0151m\u0171ves, szakszer\u0171en \u00f6ssze tudja szerelni az \u00e1llv\u00e1nyzatot, illetve amennyiben az \u00e1llv\u00e1nyzat viszonylag kicsi (kisebb mint 300 m2) \u00e9s a kivitelez\u00e9si folyamat sor\u00e1n t\u00f6bbsz\u00f6r is \u00e1talak\u00edt\u00e1sra ker\u00fcl.<\/p>\n<p>[\/et_pb_accordion_item][et_pb_accordion_item title=&#8221;Mennyibe ker\u00fcl az \u00e1llv\u00e1nyb\u00e9rl\u00e9s?&#8221; _builder_version=&#8221;4.9.2&#8243; custom_margin=&#8221;1px||1px||true&#8221; global_colors_info=&#8221;{}&#8221; open=&#8221;off&#8221;]<\/p>\n<p>Amennyiben a homlokzat nem t\u00fal tagolt, akkor az al\u00e1bbi k\u00f6lts\u00e9gekkel sz\u00e1molhat:<\/p>\n<ul>\n<li>100 m2-n\u00e9l kisebb \u00e1llv\u00e1nyzat:\u00a0 3.500 Ft\/nap + \u00e1fa.<\/li>\n<li>100 m2 &#8211; 300 m2: 6.000 Ft\/nap + \u00e1fa<\/li>\n<li>300 m2 &#8211; : 20 Ft\/m2\/nap + \u00e1fa<\/li>\n<\/ul>\n<p>Minim\u00e1lis b\u00e9rleti id\u0151 30 nap.<\/p>\n<p>[\/et_pb_accordion_item][et_pb_accordion_item title=&#8221;Hogyan t\u00f6rt\u00e9nik az \u00e1llv\u00e1ny el \u00e9s visszasz\u00e1ll\u00edt\u00e1sa?&#8221; _builder_version=&#8221;4.9.2&#8243; custom_margin=&#8221;1px||1px||true&#8221; global_colors_info=&#8221;{}&#8221; open=&#8221;off&#8221;]<\/p>\n<p>Az \u00e1llv\u00e1nyzat el \u00e9s visszasz\u00e1ll\u00edt\u00e1s\u00e1r\u00f3l a B\u00e9rl\u0151 gondoskodik. Az \u00e1tad\u00e1s \u00e1tv\u00e9tel helye a c\u00e9g\u00fcnk telephelye (1214 Budapest II. R\u00e1k\u00f3czi Ferenc \u00fat 253-255).<\/p>\n<p>K\u00fcl\u00f6n d\u00edj ellen\u00e9ben (Budapesten 50.000 Ft\/fuvar + \u00e1fa) v\u00e1llaljuk az \u00e1llv\u00e1nyzat ki \u00e9s visszasz\u00e1ll\u00edt\u00e1s\u00e1t, de az \u00e9p\u00edtkez\u00e9s helysz\u00edn\u00e9n a lerakod\u00e1sr\u00f3l a B\u00e9rl\u0151nek kell gondoskodnia.<\/p>\n<p>[\/et_pb_accordion_item][\/et_pb_accordion][\/et_pb_column][\/et_pb_row][\/et_pb_section]<\/p>\n","protected":false},"excerpt":{"rendered":"<p>B\u00e9rbead\u00e1sC\u00e9g\u00fcnkt\u0151l kedvez\u0151 felt\u00e9telekkel b\u00e9rlehet \u00e1llv\u00e1nyzatot kivitelez\u00e9s n\u00e9lk\u00fcl is.Amennyiben nincs sz\u00fcks\u00e9ge arra, hogy az \u00e1llv\u00e1nyzatot mi sz\u00e1ll\u00edtsuk ki \u00e9s \u00e9p\u00edts\u00fck meg, akkor term\u00e9szetesen lehet\u0151s\u00e9ge van arra, hogy azt ezen szolg\u00e1ltat\u00e1sokt\u00f3l mentesen b\u00e9relje ki t\u0151l\u00fcnk.Az \u00e1llv\u00e1nyzat b\u00e9rl\u00e9s\u00e9vel kisebb csal\u00e1di h\u00e1zak \u00e1llv\u00e1nyoz\u00e1sa is gazdas\u00e1gosan megoldhat\u00f3, amennyiben a B\u00e9rl\u0151 az \u00e1llv\u00e1nyzat \u00e9p\u00edt\u00e9s\u00e9t \u00f6n\u00e1ll\u00f3an meg tudja oldani.B\u00e9rl\u00e9si kisokosAz \u00e1llv\u00e1ny b\u00e9rl\u00e9s\u00e9vel [&hellip;]<\/p>\n","protected":false},"author":1,"featured_media":0,"parent":0,"menu_order":0,"comment_status":"closed","ping_status":"closed","template":"","meta":{"_et_pb_use_builder":"on","_et_pb_old_content":"","_et_gb_content_width":"","footnotes":""},"class_list":["post-305","page","type-page","status-publish","hentry"],"_links":{"self":[{"href":"https:\/\/induserv.hu\/en\/wp-json\/wp\/v2\/pages\/305","targetHints":{"allow":["GET"]}}],"collection":[{"href":"https:\/\/induserv.hu\/en\/wp-json\/wp\/v2\/pages"}],"about":[{"href":"https:\/\/induserv.hu\/en\/wp-json\/wp\/v2\/types\/page"}],"author":[{"embeddable":true,"href":"https:\/\/induserv.hu\/en\/wp-json\/wp\/v2\/users\/1"}],"replies":[{"embeddable":true,"href":"https:\/\/induserv.hu\/en\/wp-json\/wp\/v2\/comments?post=305"}],"version-history":[{"count":4,"href":"https:\/\/induserv.hu\/en\/wp-json\/wp\/v2\/pages\/305\/revisions"}],"predecessor-version":[{"id":709,"href":"https:\/\/induserv.hu\/en\/wp-json\/wp\/v2\/pages\/305\/revisions\/709"}],"wp:attachment":[{"href":"https:\/\/induserv.hu\/en\/wp-json\/wp\/v2\/media?parent=305"}],"curies":[{"name":"wp","href":"https:\/\/api.w.org\/{rel}","templated":true}]}}